{"id":31,"date":"2025-08-30T06:30:00","date_gmt":"2025-08-30T06:30:00","guid":{"rendered":"https:\/\/bmm.ee\/teeninduspiirkond\/"},"modified":"2025-08-30T08:52:39","modified_gmt":"2025-08-30T08:52:39","slug":"teeninduspiirkond","status":"publish","type":"page","link":"https:\/\/bmm.ee\/lv\/teeninduspiirkond\/","title":{"rendered":"Pakalpojumu apgabals"},"content":{"rendered":"<div class=\"wp-block-group alignfull has-background-background-color has-background has-global-padding is-layout-constrained wp-container-core-group-is-layout-fb85e995 wp-block-group-is-layout-constrained\" id=\"teeninduspiirkond\" style=\"margin-top:0;margin-bottom:0;padding-top:var(--wp--preset--spacing--60);padding-right:var(--wp--preset--spacing--30);padding-bottom:var(--wp--preset--spacing--60);padding-left:var(--wp--preset--spacing--30)\">\n<div class=\"wp-block-group alignwide is-vertical is-layout-flex wp-container-core-group-is-layout-fe9cc265 wp-block-group-is-layout-flex\">\n<div class=\"wp-block-group alignwide has-global-padding is-content-justification-left is-layout-constrained wp-container-core-group-is-layout-8b4c372c wp-block-group-is-layout-constrained\">\n<h2 class=\"wp-block-heading\">Profesion\u0101li me\u017ea pakalpojumi Igaunij\u0101 un Latvij\u0101<\/h2>\n\n\n\n<p class=\"has-medium-font-size\" style=\"margin-top:16px\">Iepaz\u012bstin\u0101m ar re\u0123ioniem, kuros BMMajand O\u00dc veic me\u017eizstr\u0101des darbus.<\/p>\n<\/div>\n<\/div>\n\n\n\n<div class=\"wp-block-columns alignwide is-layout-flex wp-container-core-columns-is-layout-5b525043 wp-block-columns-is-layout-flex\">\n<div class=\"wp-block-column is-layout-flow wp-container-core-column-is-layout-8a368f38 wp-block-column-is-layout-flow\"><\/div>\n\n\n\n<div class=\"wp-block-column is-layout-flow wp-container-core-column-is-layout-8a368f38 wp-block-column-is-layout-flow\"><\/div>\n<\/div>\n\n\n\n<div class=\"wp-block-columns alignwide is-layout-flex wp-container-core-columns-is-layout-5b525043 wp-block-columns-is-layout-flex\">\n<div class=\"wp-block-column is-layout-flow wp-container-core-column-is-layout-8a368f38 wp-block-column-is-layout-flow\"><\/div>\n\n\n\n<div class=\"wp-block-column is-layout-flow wp-container-core-column-is-layout-8a368f38 wp-block-column-is-layout-flow\"><\/div>\n<\/div>\n<\/div>\n\n\n\n<div class=\"wp-block-group alignfull has-tertiary-background-color has-background has-global-padding is-layout-constrained wp-container-core-group-is-layout-68d5e5bb wp-block-group-is-layout-constrained\" id=\"meist\" style=\"margin-top:0;margin-bottom:0;padding-top:var(--wp--preset--spacing--50);padding-right:var(--wp--preset--spacing--30);padding-bottom:var(--wp--preset--spacing--60);padding-left:var(--wp--preset--spacing--30)\">\n<div class=\"wp-block-group alignwide has-global-padding is-content-justification-center is-layout-constrained wp-block-group-is-layout-constrained\">\n<h2 class=\"wp-block-heading has-text-align-center\">Pieredz\u0113ju\u0161i speci\u0101listi efekt\u012bvai me\u017esaimniec\u012bbas vad\u012bbai<\/h2>\n\n\n\n<p class=\"has-text-align-center has-medium-font-size\" style=\"margin-top:16px\">\u0160eit m\u0113s pied\u0101v\u0101jam detaliz\u0113tu inform\u0101ciju par m\u016bsu darbu apjomu, kvalit\u0101ti un re\u0123ion\u0101lo p\u0101rkl\u0101jumu, izce\u013cot veiksm\u012bgus projektus un att\u012bst\u012bbas virzienus me\u017esaimniec\u012bbas nozar\u0113.<\/p>\n<\/div>\n<\/div>\n\n\n\n<div class=\"wp-block-group alignfull has-background-background-color has-background has-global-padding is-layout-constrained wp-container-core-group-is-layout-7276a2bb wp-block-group-is-layout-constrained\" style=\"margin-top:0;margin-bottom:0;padding-top:var(--wp--preset--spacing--60);padding-right:var(--wp--preset--spacing--30);padding-bottom:var(--wp--preset--spacing--60);padding-left:var(--wp--preset--spacing--30)\">\n<div class=\"wp-block-group alignwide has-tertiary-background-color has-background is-content-justification-space-between is-layout-flex wp-container-core-group-is-layout-4be20cc5 wp-block-group-is-layout-flex\" style=\"border-radius:1rem;padding-top:var(--wp--preset--spacing--50);padding-right:var(--wp--preset--spacing--50);padding-bottom:var(--wp--preset--spacing--50);padding-left:var(--wp--preset--spacing--50)\">\n<div class=\"wp-block-group has-global-padding is-layout-constrained wp-block-group-is-layout-constrained\">\n<h2 class=\"wp-block-heading has-large-font-size\">Pieredz\u0113ju\u0161u me\u017esaimniec\u012bbas pakalpojumu snieg\u0161ana Igaunij\u0101 un Latvij\u0101<\/h2>\n\n\n\n<p style=\"margin-top:16px\">Pievienojies mums jau \u0161odien un ieg\u016bsti lab\u0101kos me\u017esaimniec\u012bbas risin\u0101jumus savam \u012bpa\u0161umam!<\/p>\n<\/div>\n\n\n\n<div class=\"wp-block-buttons is-content-justification-left is-layout-flex wp-container-core-buttons-is-layout-82056a45 wp-block-buttons-is-layout-flex\">\n<div class=\"wp-block-button\"><a class=\"wp-block-button__link wp-element-button\" href=\"https:\/\/bmm.ee\/lv\/avaleht\/\">Skat\u012bt vair\u0101k<\/a><\/div>\n<\/div>\n<\/div>\n<\/div>","protected":false},"excerpt":{"rendered":"<p>Professionaalsed metsateenused Eestis ja L\u00e4tis Tutvustame piirkondi, kus BMMajand O\u00dc oma metsat\u00f6id teostab. Kogenud spetsialistid metsanduse efektiivseks juhtimiseks Siin esitleme p\u00f5hjalikke andmeid meie t\u00f6\u00f6de mahu, kvaliteedi ja piirkondliku katvuse kohta, tuues esile edukad projektid ja kasvusuunad metsateenuste valdkonnas. Kogenud metsateenuste pakkumine Eesti ja L\u00e4ti aladel Liitu meiega juba t\u00e4na ja saa parimad metsalahendused oma maa [&hellip;]<\/p>\n","protected":false},"author":1,"featured_media":0,"parent":0,"menu_order":0,"comment_status":"closed","ping_status":"closed","template":"page-with-title","meta":{"_monsterinsights_skip_tracking":false,"_monsterinsights_sitenote_active":false,"_monsterinsights_sitenote_note":"","_monsterinsights_sitenote_category":0,"footnotes":""},"class_list":["post-31","page","type-page","status-publish","hentry"],"aioseo_notices":[],"_links":{"self":[{"href":"https:\/\/bmm.ee\/lv\/wp-json\/wp\/v2\/pages\/31","targetHints":{"allow":["GET"]}}],"collection":[{"href":"https:\/\/bmm.ee\/lv\/wp-json\/wp\/v2\/pages"}],"about":[{"href":"https:\/\/bmm.ee\/lv\/wp-json\/wp\/v2\/types\/page"}],"author":[{"embeddable":true,"href":"https:\/\/bmm.ee\/lv\/wp-json\/wp\/v2\/users\/1"}],"replies":[{"embeddable":true,"href":"https:\/\/bmm.ee\/lv\/wp-json\/wp\/v2\/comments?post=31"}],"version-history":[{"count":2,"href":"https:\/\/bmm.ee\/lv\/wp-json\/wp\/v2\/pages\/31\/revisions"}],"predecessor-version":[{"id":81,"href":"https:\/\/bmm.ee\/lv\/wp-json\/wp\/v2\/pages\/31\/revisions\/81"}],"wp:attachment":[{"href":"https:\/\/bmm.ee\/lv\/wp-json\/wp\/v2\/media?parent=31"}],"curies":[{"name":"wp","href":"https:\/\/api.w.org\/{rel}","templated":true}]}}