{"id":30,"date":"2025-08-30T06:30:00","date_gmt":"2025-08-30T06:30:00","guid":{"rendered":"https:\/\/bmm.ee\/portfoolio\/"},"modified":"2025-10-23T23:55:09","modified_gmt":"2025-10-23T23:55:09","slug":"portfoolio","status":"publish","type":"page","link":"https:\/\/bmm.ee\/lv\/portfoolio\/","title":{"rendered":"Galerija"},"content":{"rendered":"<div class=\"wp-block-group alignfull has-background-background-color has-background has-global-padding is-layout-constrained wp-container-core-group-is-layout-7276a2bb wp-block-group-is-layout-constrained\" id=\"meist\" style=\"margin-top:0;margin-bottom:0;padding-top:var(--wp--preset--spacing--60);padding-right:var(--wp--preset--spacing--30);padding-bottom:var(--wp--preset--spacing--60);padding-left:var(--wp--preset--spacing--30)\">\n<div class=\"wp-block-columns alignwide is-layout-flex wp-container-core-columns-is-layout-47c06fe3 wp-block-columns-is-layout-flex\">\n<div class=\"wp-block-column is-layout-flow wp-container-core-column-is-layout-119bc444 wp-block-column-is-layout-flow\" style=\"flex-basis:60%\">\n<h2 class=\"wp-block-heading\">Uztic\u012bgi speci\u0101listi me\u017esaimniec\u012bbas pakalpojumos<\/h2>\n\n\n\n<p class=\"has-medium-font-size\" style=\"margin-top:16px\">BMMajand SIA m\u0113r\u0137is ir nodro\u0161in\u0101t kvalitat\u012bvus un efekt\u012bvus me\u017esaimniec\u012bbas darbus, iev\u0113rojot ilgtsp\u0113j\u012bbas principus un garant\u0113jot klientu apmierin\u0101t\u012bbu. M\u016bsu v\u012bzija ir b\u016bt uzticamam partnerim me\u017esaimniec\u012bbas risin\u0101jumos Latvij\u0101 un Igaunij\u0101.<\/p>\n<\/div>\n\n\n\n<div class=\"wp-block-column is-vertically-aligned-top is-layout-flow wp-container-core-column-is-layout-f5bb311e wp-block-column-is-layout-flow\" style=\"flex-basis:50%\"><\/div>\n<\/div>\n\n\n\n<div class=\"wp-block-cover alignwide is-light\" style=\"border-radius:1.5rem;min-height:30vh;aspect-ratio:unset;\"><img loading=\"lazy\" decoding=\"async\" width=\"1024\" height=\"768\" class=\"wp-block-cover__image-background wp-image-87 size-large\" alt=\"BMMajand O\u00dc masinad metsas t\u00f6\u00f6l\" src=\"https:\/\/bmm.ee\/wp-content\/uploads\/2025\/08\/IMG_6167-1024x768.jpg\" data-object-fit=\"cover\" srcset=\"https:\/\/bmm.ee\/wp-content\/uploads\/2025\/08\/IMG_6167-1024x768.jpg 1024w, https:\/\/bmm.ee\/wp-content\/uploads\/2025\/08\/IMG_6167-300x225.jpg 300w, https:\/\/bmm.ee\/wp-content\/uploads\/2025\/08\/IMG_6167-768x576.jpg 768w, https:\/\/bmm.ee\/wp-content\/uploads\/2025\/08\/IMG_6167-1536x1152.jpg 1536w, https:\/\/bmm.ee\/wp-content\/uploads\/2025\/08\/IMG_6167-2048x1536.jpg 2048w\" sizes=\"auto, (max-width: 1024px) 100vw, 1024px\" \/><span aria-hidden=\"true\" class=\"wp-block-cover__background has-background-dim-0 has-background-dim\" style=\"background-color:#898784\"><\/span><div class=\"wp-block-cover__inner-container is-layout-flow wp-block-cover-is-layout-flow\">\n<div style=\"height:537px\" aria-hidden=\"true\" class=\"wp-block-spacer\"><\/div>\n<\/div><\/div>\n<\/div>\n\n\n\n<div class=\"wp-block-group alignfull has-tertiary-background-color has-background has-global-padding is-layout-constrained wp-container-core-group-is-layout-7276a2bb wp-block-group-is-layout-constrained\" id=\"portfoolio\" style=\"margin-top:0;margin-bottom:0;padding-top:var(--wp--preset--spacing--60);padding-right:var(--wp--preset--spacing--30);padding-bottom:var(--wp--preset--spacing--60);padding-left:var(--wp--preset--spacing--30)\">\n<div class=\"wp-block-group alignwide is-vertical is-layout-flex wp-container-core-group-is-layout-fe9cc265 wp-block-group-is-layout-flex\">\n<div class=\"wp-block-group alignwide has-global-padding is-content-justification-left is-layout-constrained wp-container-core-group-is-layout-8b4c372c wp-block-group-is-layout-constrained\">\n<h3 class=\"wp-block-heading\">Profesion\u0101li me\u017esaimniec\u012bbas darbi un risin\u0101jumi<\/h3>\n\n\n\n<p style=\"margin-top:16px\">Da\u017ei att\u0113li ar tehniku un paveiktajiem darbiem<\/p>\n<\/div>\n<\/div>\n\n\n\n<div class=\"wp-block-columns alignwide is-layout-flex wp-container-core-columns-is-layout-e5e9f4b6 wp-block-columns-is-layout-flex\" style=\"margin-top:var(--wp--preset--spacing--50)\">\n<div class=\"wp-block-column is-layout-flow wp-block-column-is-layout-flow\">\n<div class=\"wp-block-group has-background-background-color has-background has-global-padding is-layout-constrained wp-container-core-group-is-layout-d159ac24 wp-block-group-is-layout-constrained\" style=\"border-radius:1.5rem;padding-top:var(--wp--preset--spacing--30);padding-right:1.5rem;padding-bottom:var(--wp--preset--spacing--30);padding-left:1.5rem\">\n<h4 class=\"wp-block-heading has-small-font-size\" style=\"font-style:normal;font-weight:400;text-transform:none\">Harvesteris Ponsse Ergo ir ar jaudu, kas piem\u0113rota galvenaj\u0101m cirt\u0113m<\/h4>\n\n\n\n<h2 class=\"wp-block-heading\" style=\"margin-top:8px;margin-bottom:var(--wp--preset--spacing--30);font-size:clamp(0.984rem, 0.984rem + ((1vw - 0.2rem) * 0.86), 1.5rem);\">Harvesteris galvenaj\u0101m cirt\u0113m<\/h2>\n\n\n\n<figure data-wp-context=\"{&quot;imageId&quot;:&quot;69e374a487a04&quot;}\" data-wp-interactive=\"core\/image\" data-wp-key=\"69e374a487a04\" class=\"wp-block-image aligncenter size-large has-custom-border wp-lightbox-container\"><img loading=\"lazy\" decoding=\"async\" width=\"1024\" height=\"768\" data-wp-class--hide=\"state.isContentHidden\" data-wp-class--show=\"state.isContentVisible\" data-wp-init=\"callbacks.setButtonStyles\" data-wp-on--click=\"actions.showLightbox\" data-wp-on--load=\"callbacks.setButtonStyles\" data-wp-on-window--resize=\"callbacks.setButtonStyles\" src=\"https:\/\/bmm.ee\/wp-content\/uploads\/2025\/08\/IMG_6600-1024x768.jpg\" alt=\"\" class=\"wp-image-82\" style=\"border-radius:1.5rem;aspect-ratio:1;object-fit:cover\" srcset=\"https:\/\/bmm.ee\/wp-content\/uploads\/2025\/08\/IMG_6600-1024x768.jpg 1024w, https:\/\/bmm.ee\/wp-content\/uploads\/2025\/08\/IMG_6600-300x225.jpg 300w, https:\/\/bmm.ee\/wp-content\/uploads\/2025\/08\/IMG_6600-768x576.jpg 768w, https:\/\/bmm.ee\/wp-content\/uploads\/2025\/08\/IMG_6600-1536x1152.jpg 1536w, https:\/\/bmm.ee\/wp-content\/uploads\/2025\/08\/IMG_6600-2048x1536.jpg 2048w\" sizes=\"auto, (max-width: 1024px) 100vw, 1024px\" \/><button\n\t\t\tclass=\"lightbox-trigger\"\n\t\t\ttype=\"button\"\n\t\t\taria-haspopup=\"dialog\"\n\t\t\taria-label=\"Palielin\u0101t\"\n\t\t\tdata-wp-init=\"callbacks.initTriggerButton\"\n\t\t\tdata-wp-on--click=\"actions.showLightbox\"\n\t\t\tdata-wp-style--right=\"state.imageButtonRight\"\n\t\t\tdata-wp-style--top=\"state.imageButtonTop\"\n\t\t>\n\t\t\t<svg xmlns=\"http:\/\/www.w3.org\/2000\/svg\" width=\"12\" height=\"12\" fill=\"none\" viewbox=\"0 0 12 12\">\n\t\t\t\t<path fill=\"#fff\" d=\"M2 0a2 2 0 0 0-2 2v2h1.5V2a.5.5 0 0 1 .5-.5h2V0H2Zm2 10.5H2a.5.5 0 0 1-.5-.5V8H0v2a2 2 0 0 0 2 2h2v-1.5ZM8 12v-1.5h2a.5.5 0 0 0 .5-.5V8H12v2a2 2 0 0 1-2 2H8Zm2-12a2 2 0 0 1 2 2v2h-1.5V2a.5.5 0 0 0-.5-.5H8V0h2Z\" \/>\n\t\t\t<\/svg>\n\t\t<\/button><\/figure>\n<\/div>\n<\/div>\n\n\n\n<div class=\"wp-block-column is-layout-flow wp-block-column-is-layout-flow\">\n<div class=\"wp-block-group has-background-background-color has-background has-global-padding is-layout-constrained wp-container-core-group-is-layout-d159ac24 wp-block-group-is-layout-constrained\" style=\"border-radius:1.5rem;padding-top:var(--wp--preset--spacing--30);padding-right:1.5rem;padding-bottom:var(--wp--preset--spacing--30);padding-left:1.5rem\">\n<h4 class=\"wp-block-heading has-small-font-size\" style=\"font-style:normal;font-weight:400;text-transform:none\">Forvarderis Ponsse Buffalo ir piem\u0113rots gan lielapjoma galvenaj\u0101m cirt\u0113m, gan ar\u012b kop\u0161anas darbiem, piem\u0113ram, sanit\u0101raj\u0101s un retin\u0101\u0161anas cirsm\u0101s.<\/h4>\n\n\n\n<h2 class=\"wp-block-heading\" style=\"margin-top:8px;margin-bottom:var(--wp--preset--spacing--30);font-size:clamp(0.984rem, 0.984rem + ((1vw - 0.2rem) * 0.86), 1.5rem);\">Forvardera pakalpojumi<\/h2>\n\n\n\n<figure data-wp-context=\"{&quot;imageId&quot;:&quot;69e374a487d31&quot;}\" data-wp-interactive=\"core\/image\" data-wp-key=\"69e374a487d31\" class=\"wp-block-image size-large has-custom-border wp-lightbox-container\"><img loading=\"lazy\" decoding=\"async\" width=\"1024\" height=\"768\" data-wp-class--hide=\"state.isContentHidden\" data-wp-class--show=\"state.isContentVisible\" data-wp-init=\"callbacks.setButtonStyles\" data-wp-on--click=\"actions.showLightbox\" data-wp-on--load=\"callbacks.setButtonStyles\" data-wp-on-window--resize=\"callbacks.setButtonStyles\" src=\"https:\/\/bmm.ee\/wp-content\/uploads\/2025\/08\/IMG_0860-1024x768.jpg\" alt=\"\" class=\"wp-image-84\" style=\"border-radius:1.5rem;aspect-ratio:1;object-fit:cover\" srcset=\"https:\/\/bmm.ee\/wp-content\/uploads\/2025\/08\/IMG_0860-1024x768.jpg 1024w, https:\/\/bmm.ee\/wp-content\/uploads\/2025\/08\/IMG_0860-300x225.jpg 300w, https:\/\/bmm.ee\/wp-content\/uploads\/2025\/08\/IMG_0860-768x576.jpg 768w, https:\/\/bmm.ee\/wp-content\/uploads\/2025\/08\/IMG_0860-1536x1152.jpg 1536w, https:\/\/bmm.ee\/wp-content\/uploads\/2025\/08\/IMG_0860-2048x1536.jpg 2048w\" sizes=\"auto, (max-width: 1024px) 100vw, 1024px\" \/><button\n\t\t\tclass=\"lightbox-trigger\"\n\t\t\ttype=\"button\"\n\t\t\taria-haspopup=\"dialog\"\n\t\t\taria-label=\"Palielin\u0101t\"\n\t\t\tdata-wp-init=\"callbacks.initTriggerButton\"\n\t\t\tdata-wp-on--click=\"actions.showLightbox\"\n\t\t\tdata-wp-style--right=\"state.imageButtonRight\"\n\t\t\tdata-wp-style--top=\"state.imageButtonTop\"\n\t\t>\n\t\t\t<svg xmlns=\"http:\/\/www.w3.org\/2000\/svg\" width=\"12\" height=\"12\" fill=\"none\" viewbox=\"0 0 12 12\">\n\t\t\t\t<path fill=\"#fff\" d=\"M2 0a2 2 0 0 0-2 2v2h1.5V2a.5.5 0 0 1 .5-.5h2V0H2Zm2 10.5H2a.5.5 0 0 1-.5-.5V8H0v2a2 2 0 0 0 2 2h2v-1.5ZM8 12v-1.5h2a.5.5 0 0 0 .5-.5V8H12v2a2 2 0 0 1-2 2H8Zm2-12a2 2 0 0 1 2 2v2h-1.5V2a.5.5 0 0 0-.5-.5H8V0h2Z\" \/>\n\t\t\t<\/svg>\n\t\t<\/button><\/figure>\n<\/div>\n<\/div>\n\n\n\n<div class=\"wp-block-column is-layout-flow wp-block-column-is-layout-flow\">\n<div class=\"wp-block-group has-background-background-color has-background has-global-padding is-layout-constrained wp-container-core-group-is-layout-d159ac24 wp-block-group-is-layout-constrained\" style=\"border-radius:1.5rem;padding-top:var(--wp--preset--spacing--30);padding-right:1.5rem;padding-bottom:var(--wp--preset--spacing--30);padding-left:1.5rem\">\n<h4 class=\"wp-block-heading has-small-font-size\" style=\"font-style:normal;font-weight:400;text-transform:none\">Harvesteris SAMPO-ROSENLEW HR 46X ir ide\u0101li piem\u0113rots kop\u0161anas cirt\u0113m<\/h4>\n\n\n\n<h2 class=\"wp-block-heading\" style=\"margin-top:8px;margin-bottom:var(--wp--preset--spacing--30);font-size:clamp(0.984rem, 0.984rem + ((1vw - 0.2rem) * 0.86), 1.5rem);\">Harvesteris kop\u0161anas cirt\u0113m <\/h2>\n\n\n\n<figure data-wp-context=\"{&quot;imageId&quot;:&quot;69e374a487fe1&quot;}\" data-wp-interactive=\"core\/image\" data-wp-key=\"69e374a487fe1\" class=\"wp-block-image size-large has-custom-border wp-lightbox-container\"><img loading=\"lazy\" decoding=\"async\" width=\"1024\" height=\"768\" data-wp-class--hide=\"state.isContentHidden\" data-wp-class--show=\"state.isContentVisible\" data-wp-init=\"callbacks.setButtonStyles\" data-wp-on--click=\"actions.showLightbox\" data-wp-on--load=\"callbacks.setButtonStyles\" data-wp-on-window--resize=\"callbacks.setButtonStyles\" src=\"https:\/\/bmm.ee\/wp-content\/uploads\/2025\/08\/IMG_0826-1024x768.jpg\" alt=\"\" class=\"wp-image-85\" style=\"border-radius:1.5rem;aspect-ratio:1;object-fit:cover\" srcset=\"https:\/\/bmm.ee\/wp-content\/uploads\/2025\/08\/IMG_0826-1024x768.jpg 1024w, https:\/\/bmm.ee\/wp-content\/uploads\/2025\/08\/IMG_0826-300x225.jpg 300w, https:\/\/bmm.ee\/wp-content\/uploads\/2025\/08\/IMG_0826-768x576.jpg 768w, https:\/\/bmm.ee\/wp-content\/uploads\/2025\/08\/IMG_0826-1536x1152.jpg 1536w, https:\/\/bmm.ee\/wp-content\/uploads\/2025\/08\/IMG_0826-2048x1536.jpg 2048w\" sizes=\"auto, (max-width: 1024px) 100vw, 1024px\" \/><button\n\t\t\tclass=\"lightbox-trigger\"\n\t\t\ttype=\"button\"\n\t\t\taria-haspopup=\"dialog\"\n\t\t\taria-label=\"Palielin\u0101t\"\n\t\t\tdata-wp-init=\"callbacks.initTriggerButton\"\n\t\t\tdata-wp-on--click=\"actions.showLightbox\"\n\t\t\tdata-wp-style--right=\"state.imageButtonRight\"\n\t\t\tdata-wp-style--top=\"state.imageButtonTop\"\n\t\t>\n\t\t\t<svg xmlns=\"http:\/\/www.w3.org\/2000\/svg\" width=\"12\" height=\"12\" fill=\"none\" viewbox=\"0 0 12 12\">\n\t\t\t\t<path fill=\"#fff\" d=\"M2 0a2 2 0 0 0-2 2v2h1.5V2a.5.5 0 0 1 .5-.5h2V0H2Zm2 10.5H2a.5.5 0 0 1-.5-.5V8H0v2a2 2 0 0 0 2 2h2v-1.5ZM8 12v-1.5h2a.5.5 0 0 0 .5-.5V8H12v2a2 2 0 0 1-2 2H8Zm2-12a2 2 0 0 1 2 2v2h-1.5V2a.5.5 0 0 0-.5-.5H8V0h2Z\" \/>\n\t\t\t<\/svg>\n\t\t<\/button><\/figure>\n<\/div>\n<\/div>\n<\/div>\n\n\n\n<div class=\"wp-block-cover\"><img loading=\"lazy\" decoding=\"async\" width=\"1024\" height=\"768\" class=\"wp-block-cover__image-background wp-image-108\" alt=\"BMMajand O\u00dc puduhakku Mus-Max t\u00f6\u00f6s\" src=\"https:\/\/bmm.ee\/wp-content\/uploads\/2025\/08\/IMG_2415-1024x768.jpg\" data-object-fit=\"cover\" srcset=\"https:\/\/bmm.ee\/wp-content\/uploads\/2025\/08\/IMG_2415-1024x768.jpg 1024w, https:\/\/bmm.ee\/wp-content\/uploads\/2025\/08\/IMG_2415-300x225.jpg 300w, https:\/\/bmm.ee\/wp-content\/uploads\/2025\/08\/IMG_2415-768x576.jpg 768w, https:\/\/bmm.ee\/wp-content\/uploads\/2025\/08\/IMG_2415-1536x1152.jpg 1536w, https:\/\/bmm.ee\/wp-content\/uploads\/2025\/08\/IMG_2415-2048x1536.jpg 2048w, https:\/\/bmm.ee\/wp-content\/uploads\/2025\/08\/IMG_2415-16x12.jpg 16w\" sizes=\"auto, (max-width: 1024px) 100vw, 1024px\" \/><span aria-hidden=\"true\" class=\"wp-block-cover__background has-background-dim\"><\/span><div class=\"wp-block-cover__inner-container is-layout-flow wp-block-cover-is-layout-flow\">\n<p class=\"has-text-align-center has-large-font-size\">BMMajand SIA \u0161\u0137eldot\u0101js Mus-Max darb\u012bb\u0101<\/p>\n<\/div><\/div>\n\n\n\n<div class=\"wp-block-cover\"><img loading=\"lazy\" decoding=\"async\" width=\"1024\" height=\"768\" class=\"wp-block-cover__image-background wp-image-110\" alt=\"BMMajand O\u00dc ekskavaator giljotiin energiapuidu ehk v\u00f5sa raieks\" src=\"https:\/\/bmm.ee\/wp-content\/uploads\/2025\/08\/IMG_0077-1024x768.jpg\" data-object-fit=\"cover\" srcset=\"https:\/\/bmm.ee\/wp-content\/uploads\/2025\/08\/IMG_0077-1024x768.jpg 1024w, https:\/\/bmm.ee\/wp-content\/uploads\/2025\/08\/IMG_0077-300x225.jpg 300w, https:\/\/bmm.ee\/wp-content\/uploads\/2025\/08\/IMG_0077-768x576.jpg 768w, https:\/\/bmm.ee\/wp-content\/uploads\/2025\/08\/IMG_0077-1536x1152.jpg 1536w, https:\/\/bmm.ee\/wp-content\/uploads\/2025\/08\/IMG_0077-2048x1536.jpg 2048w, https:\/\/bmm.ee\/wp-content\/uploads\/2025\/08\/IMG_0077-16x12.jpg 16w\" sizes=\"auto, (max-width: 1024px) 100vw, 1024px\" \/><span aria-hidden=\"true\" class=\"wp-block-cover__background has-background-dim\"><\/span><div class=\"wp-block-cover__inner-container is-layout-flow wp-block-cover-is-layout-flow\">\n<p class=\"has-text-align-center has-large-font-size\">Giljot\u012bna ener\u0123\u0113tisk\u0101s koksnes jeb kr\u016bmu cir\u0161anai<\/p>\n<\/div><\/div>\n\n\n\n<div class=\"wp-block-cover\"><img loading=\"lazy\" decoding=\"async\" width=\"1024\" height=\"768\" class=\"wp-block-cover__image-background wp-image-109\" alt=\"BMMajand O\u00dc Ponsse Buffalo t\u00f6\u00f6s\" src=\"https:\/\/bmm.ee\/wp-content\/uploads\/2025\/08\/IMG_0775-1024x768.jpg\" data-object-fit=\"cover\" srcset=\"https:\/\/bmm.ee\/wp-content\/uploads\/2025\/08\/IMG_0775-1024x768.jpg 1024w, https:\/\/bmm.ee\/wp-content\/uploads\/2025\/08\/IMG_0775-300x225.jpg 300w, https:\/\/bmm.ee\/wp-content\/uploads\/2025\/08\/IMG_0775-768x576.jpg 768w, https:\/\/bmm.ee\/wp-content\/uploads\/2025\/08\/IMG_0775-1536x1152.jpg 1536w, https:\/\/bmm.ee\/wp-content\/uploads\/2025\/08\/IMG_0775-2048x1536.jpg 2048w, https:\/\/bmm.ee\/wp-content\/uploads\/2025\/08\/IMG_0775-16x12.jpg 16w\" sizes=\"auto, (max-width: 1024px) 100vw, 1024px\" \/><span aria-hidden=\"true\" class=\"wp-block-cover__background has-background-dim\"><\/span><div class=\"wp-block-cover__inner-container is-layout-flow wp-block-cover-is-layout-flow\">\n<p class=\"has-text-align-center has-large-font-size\">BMMajand SIA Ponsse Buffalo darb\u012bb\u0101<\/p>\n<\/div><\/div>\n\n\n\n<figure class=\"wp-block-image size-large\"><img loading=\"lazy\" decoding=\"async\" width=\"1024\" height=\"768\" src=\"https:\/\/bmm.ee\/wp-content\/uploads\/2025\/08\/IMG_5747-1024x768.jpg\" alt=\"BMMajand O\u00dc puiduhakkur Volvo FH500 Mus-Max\" class=\"wp-image-107\" srcset=\"https:\/\/bmm.ee\/wp-content\/uploads\/2025\/08\/IMG_5747-1024x768.jpg 1024w, https:\/\/bmm.ee\/wp-content\/uploads\/2025\/08\/IMG_5747-300x225.jpg 300w, https:\/\/bmm.ee\/wp-content\/uploads\/2025\/08\/IMG_5747-768x576.jpg 768w, https:\/\/bmm.ee\/wp-content\/uploads\/2025\/08\/IMG_5747-1536x1152.jpg 1536w, https:\/\/bmm.ee\/wp-content\/uploads\/2025\/08\/IMG_5747-2048x1536.jpg 2048w, https:\/\/bmm.ee\/wp-content\/uploads\/2025\/08\/IMG_5747-16x12.jpg 16w\" sizes=\"auto, (max-width: 1024px) 100vw, 1024px\" \/><\/figure>\n\n\n<\/div>\n\n\n\n<div class=\"wp-block-group alignfull has-background-background-color has-background has-global-padding is-layout-constrained wp-container-core-group-is-layout-fb85e995 wp-block-group-is-layout-constrained\" style=\"margin-top:0;margin-bottom:0;padding-top:var(--wp--preset--spacing--60);padding-right:var(--wp--preset--spacing--30);padding-bottom:var(--wp--preset--spacing--60);padding-left:var(--wp--preset--spacing--30)\">\n<div class=\"wp-block-group alignwide has-global-padding is-content-justification-center is-layout-constrained wp-block-group-is-layout-constrained\">\n<h2 class=\"wp-block-heading has-text-align-center has-large-font-size\">M\u016bsu klientu veiksm\u012bgie me\u017ea projekti<\/h2>\n\n\n\n<p class=\"has-text-align-center\" style=\"margin-top:16px\">Iepaz\u012bstieties soli pa solim ar m\u016bsu me\u017esaimniec\u012bbas pakalpojumu procesu, kas pal\u012bdz\u0113s Jums s\u0101kt un g\u016bt visliel\u0101ko labumu no pied\u0101v\u0101tajiem risin\u0101jumiem.<\/p>\n<\/div>\n\n\n\n<div class=\"wp-block-buttons is-content-justification-center is-layout-flex wp-container-core-buttons-is-layout-d62ed776 wp-block-buttons-is-layout-flex\" style=\"margin-top:var(--wp--preset--spacing--40);margin-bottom:var(--wp--preset--spacing--50)\">\n<div class=\"wp-block-button is-style-fill\"><a class=\"wp-block-button__link wp-element-button\" href=\"https:\/\/bmm.ee\/lv\/kontakt\/\">Nos\u016btiet mums jaut\u0101jumu vai sazinieties<\/a><\/div>\n<\/div>\n<\/div>","protected":false},"excerpt":{"rendered":"<p>P\u00fchendunud spetsialistid metsateenustes BMMajand O\u00dc seab eesm\u00e4rgiks kvaliteetse ja t\u00f5husa metsat\u00f6\u00f6 pakkumise, j\u00e4rgides j\u00e4tkusuutlikke p\u00f5him\u00f5tteid ning kliendi rahulolu tagamist. Meie visioon on olla usaldusv\u00e4\u00e4rne partner metsamajanduse lahendustes Eestis ja L\u00e4tis. Professionaalsed metsat\u00f6\u00f6d ja lahendused M\u00f5ned pildid masinatest ja tehtud t\u00f6\u00f6dest Harveste Ponsse Ergo on l\u00f5ppj\u00e4rgeraieteks sobiva v\u00f5imekusega Harvester l\u00f5ppj\u00e4rguraieteks Forwarder Ponsse Buffalo sobib nii l\u00f5ppj\u00e4rgu [&hellip;]<\/p>\n","protected":false},"author":1,"featured_media":0,"parent":0,"menu_order":0,"comment_status":"closed","ping_status":"closed","template":"page-with-title","meta":{"_monsterinsights_skip_tracking":false,"_monsterinsights_sitenote_active":false,"_monsterinsights_sitenote_note":"","_monsterinsights_sitenote_category":0,"footnotes":""},"class_list":["post-30","page","type-page","status-publish","hentry"],"aioseo_notices":[],"_links":{"self":[{"href":"https:\/\/bmm.ee\/lv\/wp-json\/wp\/v2\/pages\/30","targetHints":{"allow":["GET"]}}],"collection":[{"href":"https:\/\/bmm.ee\/lv\/wp-json\/wp\/v2\/pages"}],"about":[{"href":"https:\/\/bmm.ee\/lv\/wp-json\/wp\/v2\/types\/page"}],"author":[{"embeddable":true,"href":"https:\/\/bmm.ee\/lv\/wp-json\/wp\/v2\/users\/1"}],"replies":[{"embeddable":true,"href":"https:\/\/bmm.ee\/lv\/wp-json\/wp\/v2\/comments?post=30"}],"version-history":[{"count":6,"href":"https:\/\/bmm.ee\/lv\/wp-json\/wp\/v2\/pages\/30\/revisions"}],"predecessor-version":[{"id":213,"href":"https:\/\/bmm.ee\/lv\/wp-json\/wp\/v2\/pages\/30\/revisions\/213"}],"wp:attachment":[{"href":"https:\/\/bmm.ee\/lv\/wp-json\/wp\/v2\/media?parent=30"}],"curies":[{"name":"wp","href":"https:\/\/api.w.org\/{rel}","templated":true}]}}