{"id":28,"date":"2025-08-30T06:30:00","date_gmt":"2025-08-30T06:30:00","guid":{"rendered":"https:\/\/bmm.ee\/meist\/"},"modified":"2025-10-23T23:55:09","modified_gmt":"2025-10-23T23:55:09","slug":"meist","status":"publish","type":"page","link":"https:\/\/bmm.ee\/et\/meist\/","title":{"rendered":"Meist"},"content":{"rendered":"\n<div class=\"wp-block-group alignfull has-background-background-color has-background has-global-padding is-layout-constrained wp-container-core-group-is-layout-7276a2bb wp-block-group-is-layout-constrained\" id=\"meist\" style=\"margin-top:0;margin-bottom:0;padding-top:var(--wp--preset--spacing--60);padding-right:var(--wp--preset--spacing--30);padding-bottom:var(--wp--preset--spacing--60);padding-left:var(--wp--preset--spacing--30)\">\n<div class=\"wp-block-columns alignwide is-layout-flex wp-container-core-columns-is-layout-47c06fe3 wp-block-columns-is-layout-flex\">\n<div class=\"wp-block-column is-layout-flow wp-container-core-column-is-layout-119bc444 wp-block-column-is-layout-flow\" style=\"flex-basis:60%\">\n<h2 class=\"wp-block-heading\">Usaldusv\u00e4\u00e4rne metsat\u00f6\u00f6de spetsialist Eestis ja L\u00e4tis<\/h2>\n\n\n\n<p class=\"has-medium-font-size\" style=\"margin-top:16px\">BMMajand O\u00dc eesm\u00e4rk on pakkuda kvaliteetseid ja professionaalseid metsateenuseid, toetades j\u00e4tkusuutlikku metsamajandust ning kliendi rahulolu igas projektis.<\/p>\n\n\n\n<div class=\"wp-block-buttons is-content-justification-left is-layout-flex wp-container-core-buttons-is-layout-fc4fd283 wp-block-buttons-is-layout-flex\">\n<div class=\"wp-block-button is-style-outline is-style-outline--1\"><a class=\"wp-block-button__link wp-element-button\" href=\"https:\/\/bmm.ee\/teenused\">Saada k\u00fcsimus oma metsa andmetega<\/a><\/div>\n<\/div>\n\n\n\n<p>Lisainfo metsat\u00f6\u00f6de lubade ja reeglite kohta:\u00a0Keskkonnaamet<\/p>\n<\/div>\n\n\n\n<div class=\"wp-block-column is-vertically-aligned-top is-layout-flow wp-container-core-column-is-layout-f5bb311e wp-block-column-is-layout-flow\" style=\"flex-basis:50%\">\n<figure class=\"wp-block-image has-custom-border\"><img loading=\"lazy\" decoding=\"async\" width=\"961\" height=\"1440\" class=\"wp-image-210\" src=\"https:\/\/bmm.ee\/wp-content\/uploads\/2025\/10\/972c3e832fc546384e0781c46a17bbb1bd602cd2.jpg\" alt=\"\" style=\"border-radius:1.5rem;aspect-ratio:1;object-fit:cover\" srcset=\"https:\/\/bmm.ee\/wp-content\/uploads\/2025\/10\/972c3e832fc546384e0781c46a17bbb1bd602cd2.jpg 961w, https:\/\/bmm.ee\/wp-content\/uploads\/2025\/10\/972c3e832fc546384e0781c46a17bbb1bd602cd2-200x300.jpg 200w, https:\/\/bmm.ee\/wp-content\/uploads\/2025\/10\/972c3e832fc546384e0781c46a17bbb1bd602cd2-683x1024.jpg 683w, https:\/\/bmm.ee\/wp-content\/uploads\/2025\/10\/972c3e832fc546384e0781c46a17bbb1bd602cd2-768x1151.jpg 768w, https:\/\/bmm.ee\/wp-content\/uploads\/2025\/10\/972c3e832fc546384e0781c46a17bbb1bd602cd2-8x12.jpg 8w\" sizes=\"auto, (max-width: 961px) 100vw, 961px\" \/><\/figure>\n<\/div>\n<\/div>\n<\/div>\n\n\n\n<div class=\"wp-block-group alignfull has-tertiary-background-color has-background has-global-padding is-layout-constrained wp-container-core-group-is-layout-7276a2bb wp-block-group-is-layout-constrained\" id=\"meeskond\" style=\"margin-top:0;margin-bottom:0;padding-top:var(--wp--preset--spacing--60);padding-right:var(--wp--preset--spacing--30);padding-bottom:var(--wp--preset--spacing--60);padding-left:var(--wp--preset--spacing--30)\">\n<div class=\"wp-block-group alignwide is-vertical is-layout-flex wp-container-core-group-is-layout-fe9cc265 wp-block-group-is-layout-flex\">\n<div class=\"wp-block-group alignwide has-global-padding is-content-justification-left is-layout-constrained wp-container-core-group-is-layout-8b4c372c wp-block-group-is-layout-constrained\">\n<h2 class=\"wp-block-heading\" style=\"margin-top:12px\">Metsat\u00f6\u00f6d ja lahendused, mis vastavad Sinu ootustele<\/h2>\n\n\n\n<p class=\"has-medium-font-size\" style=\"margin-top:16px\">Tutvustame l\u00fchidalt meie p\u00fchendunud ja kogenud metsaspetsialiste.<\/p>\n<\/div>\n<\/div>\n\n\n\n<div class=\"wp-block-columns alignwide is-layout-flex wp-container-core-columns-is-layout-28f84493 wp-block-columns-is-layout-flex\">\n<div class=\"wp-block-column is-layout-flow wp-container-core-column-is-layout-f5bb311e wp-block-column-is-layout-flow\">\n<h2 class=\"wp-block-heading\">BMMajand O\u00dc l\u00fchitutvustus<\/h2>\n\n\n\n<p><strong>\u201cBMMajand O\u00dc on kogemustega metsandusteenuste ettev\u00f5te, kes pakub harvesteri- ja forwarderit\u00f6id, energiapuidu kogumist, puitmaterjalide tarneid ja metsaostu. Alates 2022. aastast oleme v\u00f5tnud kasutusele kaasaegse tehnika \u2013 kaasa arvatud puiduhakkur, giljotiiniga ekskavaator ja forvarder \u2013 ning s\u00e4ilitanud j\u00e4tkusuutliku teenuse nii Eestis kui L\u00e4tis. Meie meeskond on kasvanud \u00fchelt t\u00f6\u00f6tajalt \u00fcheksa-ni, k\u00e4ive t\u00f5usis 614 % v\u00f5rra ja 2023. aasta oodatav k\u00e4ive on ligi 2,3 miljonit eurot.\u201d<\/strong><\/p>\n<\/div>\n<\/div>\n\n\n\n<p><strong>BMMajand O\u00dc pakub metsateenuseid Eestis ja L\u00e4tis. Meie p\u00f5hitegevused h\u00f5lmavad harvesteri- ja forvarderit\u00f6id, energiapuidu koristust ning metsahooldust. Kasutame kaasaegset tehnikat ja j\u00e4rgime k\u00f5iki keskkonnan\u00f5udeid, et tagada kvaliteetne tulemus ja rahulolevad kliendid.<\/strong><\/p>\n\n\n\n<p><strong><a href=\"https:\/\/bmm.ee\/et\/kontakt\/\" title=\"Vajad professionaalset abi metsat\u00f6\u00f6del? V\u00f5ta meiega \u00fchendust ja leiame sobiva lahenduse.\">Vajad profes<\/a><a href=\"https:\/\/bmm.ee\/et\/kontakt\/\" target=\"_blank\" rel=\"noopener\" title=\"Vajad professionaalset abi metsat\u00f6\u00f6del? V\u00f5ta meiega \u00fchendust ja leiame sobiva lahenduse.\">sionaalset abi metsat\u00f6\u00f6del? V\u00f5ta meiega \u00fchendust ja leiame sobiva lahenduse.<\/a><\/strong><\/p>\n<\/div>\n\n\n\n<div class=\"wp-block-group alignfull has-background-background-color has-background has-global-padding is-layout-constrained wp-container-core-group-is-layout-fb85e995 wp-block-group-is-layout-constrained\" id=\"kliendi-tagasiside\" style=\"margin-top:0;margin-bottom:0;padding-top:var(--wp--preset--spacing--60);padding-right:var(--wp--preset--spacing--30);padding-bottom:var(--wp--preset--spacing--60);padding-left:var(--wp--preset--spacing--30)\">\n<div class=\"wp-block-group alignwide has-global-padding is-content-justification-center is-layout-constrained wp-block-group-is-layout-constrained\">\n<h2 class=\"wp-block-heading has-text-align-center has-large-font-size\">Usaldusv\u00e4\u00e4rsed lahendused metsamajanduses<\/h2>\n\n\n\n<p class=\"has-text-align-center\" style=\"margin-top:16px\">Siin saate tutvuda meie klientide tagasisidega, mis peegeldavad nende rahulolu ja kogemusi meie teenustega.<\/p>\n<\/div>\n\n\n\n<div class=\"wp-block-columns alignwide is-layout-flex wp-container-core-columns-is-layout-28f84493 wp-block-columns-is-layout-flex\">\n<div class=\"wp-block-column is-layout-flow wp-block-column-is-layout-flow\">\n<div class=\"wp-block-group has-tertiary-background-color has-background has-global-padding is-layout-constrained wp-container-core-group-is-layout-a35945ca wp-block-group-is-layout-constrained\" style=\"border-radius:1rem;padding-top:var(--wp--preset--spacing--30);padding-right:var(--wp--preset--spacing--30);padding-bottom:var(--wp--preset--spacing--30);padding-left:var(--wp--preset--spacing--30)\">\n<figure class=\"wp-block-image size-large wp-duotone-primary-foreground\"><img decoding=\"async\" src=\"data:image\/svg+xml;base64,PHN2ZyB4bWxucz0iaHR0cDovL3d3dy53My5vcmcvMjAwMC9zdmciIHdpZHRoPSIxMTYiIGhlaWdodD0iMTkiIGZpbGw9Im5vbmUiIHZpZXdCb3g9IjAgMCAxMTYgMTkiPjxnIGNsaXAtcGF0aD0idXJsKCNhKSI+PHBhdGggZmlsbD0iIzAwMCIgZD0iTTkuMDcuNjEyYy4zNDUtLjgxNiAxLjUxNS0uODE2IDEuODYgMGwyLjAyOCA0LjgyYy4xNDUuMzQzLjQ3My41NzkuODQ5LjYwOGw1LjI2Ni40MTdjLjg5Mi4wNzEgMS4yNTQgMS4xNzEuNTc0IDEuNzQ2TDE1LjYzNSAxMS42YS45ODcuOTg3IDAgMCAwLS4zMjQuOTg1bDEuMjI1IDUuMDc3Yy4yMDguODYtLjc0IDEuNTQtMS41MDMgMS4wOGwtNC41MDgtMi43MjFhMS4wMTYgMS4wMTYgMCAwIDAtMS4wNSAwbC00LjUwOCAyLjcyYy0uNzY0LjQ2MS0xLjcxMS0uMjE5LTEuNTAzLTEuMDc5bDEuMjI1LTUuMDc3YS45ODcuOTg3IDAgMCAwLS4zMjQtLjk4NUwuMzUzIDguMjAzYy0uNjgtLjU3NS0uMzE4LTEuNjc1LjU3NC0xLjc0Nmw1LjI2Ni0uNDE3Yy4zNzctLjAzLjcwNC0uMjY1Ljg1LS42MDlMOS4wNy42MTJabTI0IDBjLjM0NS0uODE2IDEuNTE1LS44MTYgMS44NiAwbDIuMDI4IDQuODJjLjE0NS4zNDMuNDczLjU3OS44NDkuNjA4bDUuMjY2LjQxN2MuODkyLjA3MSAxLjI1NCAxLjE3MS41NzQgMS43NDZMMzkuNjM1IDExLjZhLjk4Ny45ODcgMCAwIDAtLjMyNS45ODVsMS4yMjYgNS4wNzdjLjIwOC44Ni0uNzQgMS41NC0xLjUwMyAxLjA4bC00LjUwOC0yLjcyMWExLjAxNiAxLjAxNiAwIDAgMC0xLjA1IDBsLTQuNTA4IDIuNzJjLS43NjQuNDYxLTEuNzExLS4yMTktMS41MDMtMS4wNzlsMS4yMjUtNS4wNzdhLjk4Ny45ODcgMCAwIDAtLjMyNC0uOTg1bC00LjAxMi0zLjM5NmMtLjY4LS41NzUtLjMxOC0xLjY3NS41NzQtMS43NDZsNS4yNjYtLjQxN2MuMzc2LS4wMy43MDQtLjI2NS44NDktLjYwOWwyLjAyOS00LjgyWm0yNCAwYy4zNDQtLjgxNiAxLjUxNS0uODE2IDEuODU5IDBsMi4wMjkgNC44MmMuMTQ1LjM0My40NzMuNTc5Ljg0OS42MDhsNS4yNjYuNDE3Yy44OTIuMDcxIDEuMjU0IDEuMTcxLjU3NCAxLjc0Nkw2My42MzUgMTEuNmEuOTg3Ljk4NyAwIDAgMC0uMzI1Ljk4NWwxLjIyNiA1LjA3N2MuMjA4Ljg2LS43NCAxLjU0LTEuNTAzIDEuMDhsLTQuNTA5LTIuNzIxYTEuMDE2IDEuMDE2IDAgMCAwLTEuMDQ5IDBsLTQuNTA4IDIuNzJjLS43NjQuNDYxLTEuNzExLS4yMTktMS41MDMtMS4wNzlsMS4yMjUtNS4wNzdhLjk4Ny45ODcgMCAwIDAtLjMyNC0uOTg1bC00LjAxMi0zLjM5NmMtLjY4LS41NzUtLjMxOC0xLjY3NS41NzQtMS43NDZsNS4yNjYtLjQxN2MuMzc2LS4wMy43MDQtLjI2NS44NDktLjYwOWwyLjAyOS00LjgyWm0yNCAwYy4zNDUtLjgxNiAxLjUxNS0uODE2IDEuODU5IDBsMi4wMjkgNC44MmMuMTQ1LjM0My40NzIuNTc5Ljg0OS42MDhsNS4yNjYuNDE3Yy44OTIuMDcxIDEuMjU0IDEuMTcxLjU3NCAxLjc0Nkw4Ny42MzUgMTEuNmEuOTg3Ljk4NyAwIDAgMC0uMzI1Ljk4NWwxLjIyNiA1LjA3N2MuMjA4Ljg2LS43NCAxLjU0LTEuNTAzIDEuMDhsLTQuNTA5LTIuNzIxYTEuMDE2IDEuMDE2IDAgMCAwLTEuMDQ5IDBsLTQuNTA4IDIuNzJjLS43NjQuNDYxLTEuNzExLS4yMTktMS41MDQtMS4wNzlsMS4yMjYtNS4wNzdhLjk4Ny45ODcgMCAwIDAtLjMyNC0uOTg1bC00LjAxMi0zLjM5NmMtLjY4LS41NzUtLjMxOC0xLjY3NS41NzQtMS43NDZsNS4yNjYtLjQxN2MuMzc2LS4wMy43MDQtLjI2NS44NDktLjYwOUw4MS4wNy42MTJabTI0LjAwMSAwYy4zNDMtLjgxNiAxLjUxNC0uODE2IDEuODU4IDBsMi4wMjkgNC44MmMuMTQ1LjM0My40NzIuNTc5Ljg0OC42MDhsNS4yNjYuNDE3Yy44OTMuMDcxIDEuMjU0IDEuMTcxLjU3NSAxLjc0NmwtNC4wMTIgMy4zOTZhLjk4OC45ODggMCAwIDAtLjMyNS45ODVsMS4yMjYgNS4wNzdjLjIwOC44Ni0uNzM5IDEuNTQtMS41MDMgMS4wOGwtNC41MDktMi43MjFhMS4wMTYgMS4wMTYgMCAwIDAtMS4wNDkgMGwtNC41MDggMi43MmMtLjc2NC40NjEtMS43MTEtLjIxOS0xLjUwNC0xLjA3OWwxLjIyNi01LjA3N2EuOTg1Ljk4NSAwIDAgMC0uMzI0LS45ODVsLTQuMDEyLTMuMzk2Yy0uNjgtLjU3NS0uMzE4LTEuNjc1LjU3NC0xLjc0Nmw1LjI2Ni0uNDE3Yy4zNzYtLjAzLjcwNC0uMjY1Ljg0OS0uNjA5bDIuMDI5LTQuODE5WiIvPjwvZz48ZGVmcz48Y2xpcFBhdGggaWQ9ImEiPjxwYXRoIGZpbGw9IiNmZmYiIGQ9Ik0wIDBoMTE2djE4Ljg4OUgweiIvPjwvY2xpcFBhdGg+PC9kZWZzPjwvc3ZnPg==\" alt=\"\"\/><\/figure>\n\n\n\n<p style=\"margin-top:var(--wp--preset--spacing--20);font-style:normal;font-weight:500\">Oleme uhked selle \u00fcle, kuidas meie meeskond t\u00e4itis ootused ja pakkus laitmatut teenust.<\/p>\n<\/div>\n<\/div>\n\n\n\n<div class=\"wp-block-column is-layout-flow wp-block-column-is-layout-flow\">\n<div class=\"wp-block-group has-tertiary-background-color has-background has-global-padding is-layout-constrained wp-container-core-group-is-layout-a35945ca wp-block-group-is-layout-constrained\" style=\"border-radius:1rem;padding-top:var(--wp--preset--spacing--30);padding-right:var(--wp--preset--spacing--30);padding-bottom:var(--wp--preset--spacing--30);padding-left:var(--wp--preset--spacing--30)\">\n<figure class=\"wp-block-image size-large wp-duotone-primary-foreground\"><img decoding=\"async\" src=\"data:image\/svg+xml;base64,PHN2ZyB4bWxucz0iaHR0cDovL3d3dy53My5vcmcvMjAwMC9zdmciIHdpZHRoPSIxMTYiIGhlaWdodD0iMTkiIGZpbGw9Im5vbmUiIHZpZXdCb3g9IjAgMCAxMTYgMTkiPjxnIGNsaXAtcGF0aD0idXJsKCNhKSI+PHBhdGggZmlsbD0iIzAwMCIgZD0iTTkuMDcuNjEyYy4zNDUtLjgxNiAxLjUxNS0uODE2IDEuODYgMGwyLjAyOCA0LjgyYy4xNDUuMzQzLjQ3My41NzkuODQ5LjYwOGw1LjI2Ni40MTdjLjg5Mi4wNzEgMS4yNTQgMS4xNzEuNTc0IDEuNzQ2TDE1LjYzNSAxMS42YS45ODcuOTg3IDAgMCAwLS4zMjQuOTg1bDEuMjI1IDUuMDc3Yy4yMDguODYtLjc0IDEuNTQtMS41MDMgMS4wOGwtNC41MDgtMi43MjFhMS4wMTYgMS4wMTYgMCAwIDAtMS4wNSAwbC00LjUwOCAyLjcyYy0uNzY0LjQ2MS0xLjcxMS0uMjE5LTEuNTAzLTEuMDc5bDEuMjI1LTUuMDc3YS45ODcuOTg3IDAgMCAwLS4zMjQtLjk4NUwuMzUzIDguMjAzYy0uNjgtLjU3NS0uMzE4LTEuNjc1LjU3NC0xLjc0Nmw1LjI2Ni0uNDE3Yy4zNzctLjAzLjcwNC0uMjY1Ljg1LS42MDlMOS4wNy42MTJabTI0IDBjLjM0NS0uODE2IDEuNTE1LS44MTYgMS44NiAwbDIuMDI4IDQuODJjLjE0NS4zNDMuNDczLjU3OS44NDkuNjA4bDUuMjY2LjQxN2MuODkyLjA3MSAxLjI1NCAxLjE3MS41NzQgMS43NDZMMzkuNjM1IDExLjZhLjk4Ny45ODcgMCAwIDAtLjMyNS45ODVsMS4yMjYgNS4wNzdjLjIwOC44Ni0uNzQgMS41NC0xLjUwMyAxLjA4bC00LjUwOC0yLjcyMWExLjAxNiAxLjAxNiAwIDAgMC0xLjA1IDBsLTQuNTA4IDIuNzJjLS43NjQuNDYxLTEuNzExLS4yMTktMS41MDMtMS4wNzlsMS4yMjUtNS4wNzdhLjk4Ny45ODcgMCAwIDAtLjMyNC0uOTg1bC00LjAxMi0zLjM5NmMtLjY4LS41NzUtLjMxOC0xLjY3NS41NzQtMS43NDZsNS4yNjYtLjQxN2MuMzc2LS4wMy43MDQtLjI2NS44NDktLjYwOWwyLjAyOS00LjgyWm0yNCAwYy4zNDQtLjgxNiAxLjUxNS0uODE2IDEuODU5IDBsMi4wMjkgNC44MmMuMTQ1LjM0My40NzMuNTc5Ljg0OS42MDhsNS4yNjYuNDE3Yy44OTIuMDcxIDEuMjU0IDEuMTcxLjU3NCAxLjc0Nkw2My42MzUgMTEuNmEuOTg3Ljk4NyAwIDAgMC0uMzI1Ljk4NWwxLjIyNiA1LjA3N2MuMjA4Ljg2LS43NCAxLjU0LTEuNTAzIDEuMDhsLTQuNTA5LTIuNzIxYTEuMDE2IDEuMDE2IDAgMCAwLTEuMDQ5IDBsLTQuNTA4IDIuNzJjLS43NjQuNDYxLTEuNzExLS4yMTktMS41MDMtMS4wNzlsMS4yMjUtNS4wNzdhLjk4Ny45ODcgMCAwIDAtLjMyNC0uOTg1bC00LjAxMi0zLjM5NmMtLjY4LS41NzUtLjMxOC0xLjY3NS41NzQtMS43NDZsNS4yNjYtLjQxN2MuMzc2LS4wMy43MDQtLjI2NS44NDktLjYwOWwyLjAyOS00LjgyWm0yNCAwYy4zNDUtLjgxNiAxLjUxNS0uODE2IDEuODU5IDBsMi4wMjkgNC44MmMuMTQ1LjM0My40NzIuNTc5Ljg0OS42MDhsNS4yNjYuNDE3Yy44OTIuMDcxIDEuMjU0IDEuMTcxLjU3NCAxLjc0Nkw4Ny42MzUgMTEuNmEuOTg3Ljk4NyAwIDAgMC0uMzI1Ljk4NWwxLjIyNiA1LjA3N2MuMjA4Ljg2LS43NCAxLjU0LTEuNTAzIDEuMDhsLTQuNTA5LTIuNzIxYTEuMDE2IDEuMDE2IDAgMCAwLTEuMDQ5IDBsLTQuNTA4IDIuNzJjLS43NjQuNDYxLTEuNzExLS4yMTktMS41MDQtMS4wNzlsMS4yMjYtNS4wNzdhLjk4Ny45ODcgMCAwIDAtLjMyNC0uOTg1bC00LjAxMi0zLjM5NmMtLjY4LS41NzUtLjMxOC0xLjY3NS41NzQtMS43NDZsNS4yNjYtLjQxN2MuMzc2LS4wMy43MDQtLjI2NS44NDktLjYwOUw4MS4wNy42MTJabTI0LjAwMSAwYy4zNDMtLjgxNiAxLjUxNC0uODE2IDEuODU4IDBsMi4wMjkgNC44MmMuMTQ1LjM0My40NzIuNTc5Ljg0OC42MDhsNS4yNjYuNDE3Yy44OTMuMDcxIDEuMjU0IDEuMTcxLjU3NSAxLjc0NmwtNC4wMTIgMy4zOTZhLjk4OC45ODggMCAwIDAtLjMyNS45ODVsMS4yMjYgNS4wNzdjLjIwOC44Ni0uNzM5IDEuNTQtMS41MDMgMS4wOGwtNC41MDktMi43MjFhMS4wMTYgMS4wMTYgMCAwIDAtMS4wNDkgMGwtNC41MDggMi43MmMtLjc2NC40NjEtMS43MTEtLjIxOS0xLjUwNC0xLjA3OWwxLjIyNi01LjA3N2EuOTg1Ljk4NSAwIDAgMC0uMzI0LS45ODVsLTQuMDEyLTMuMzk2Yy0uNjgtLjU3NS0uMzE4LTEuNjc1LjU3NC0xLjc0Nmw1LjI2Ni0uNDE3Yy4zNzYtLjAzLjcwNC0uMjY1Ljg0OS0uNjA5bDIuMDI5LTQuODE5WiIvPjwvZz48ZGVmcz48Y2xpcFBhdGggaWQ9ImEiPjxwYXRoIGZpbGw9IiNmZmYiIGQ9Ik0wIDBoMTE2djE4Ljg4OUgweiIvPjwvY2xpcFBhdGg+PC9kZWZzPjwvc3ZnPg==\" alt=\"\"\/><\/figure>\n\n\n\n<p style=\"margin-top:var(--wp--preset--spacing--20);font-style:normal;font-weight:500\">Tunnustus meie t\u00f6\u00f6 t\u00e4psuse ja professionaalsuse eest metsat\u00f6\u00f6del.<\/p>\n<\/div>\n<\/div>\n\n\n\n<div class=\"wp-block-column is-layout-flow wp-block-column-is-layout-flow\">\n<div class=\"wp-block-group has-tertiary-background-color has-background has-global-padding is-layout-constrained wp-container-core-group-is-layout-a35945ca wp-block-group-is-layout-constrained\" style=\"border-radius:1rem;padding-top:var(--wp--preset--spacing--30);padding-right:var(--wp--preset--spacing--30);padding-bottom:var(--wp--preset--spacing--30);padding-left:var(--wp--preset--spacing--30)\">\n<figure class=\"wp-block-image size-large wp-duotone-primary-foreground\"><img decoding=\"async\" src=\"data:image\/svg+xml;base64,PHN2ZyB4bWxucz0iaHR0cDovL3d3dy53My5vcmcvMjAwMC9zdmciIHdpZHRoPSIxMTYiIGhlaWdodD0iMTkiIGZpbGw9Im5vbmUiIHZpZXdCb3g9IjAgMCAxMTYgMTkiPjxnIGNsaXAtcGF0aD0idXJsKCNhKSI+PHBhdGggZmlsbD0iIzAwMCIgZD0iTTkuMDcuNjEyYy4zNDUtLjgxNiAxLjUxNS0uODE2IDEuODYgMGwyLjAyOCA0LjgyYy4xNDUuMzQzLjQ3My41NzkuODQ5LjYwOGw1LjI2Ni40MTdjLjg5Mi4wNzEgMS4yNTQgMS4xNzEuNTc0IDEuNzQ2TDE1LjYzNSAxMS42YS45ODcuOTg3IDAgMCAwLS4zMjQuOTg1bDEuMjI1IDUuMDc3Yy4yMDguODYtLjc0IDEuNTQtMS41MDMgMS4wOGwtNC41MDgtMi43MjFhMS4wMTYgMS4wMTYgMCAwIDAtMS4wNSAwbC00LjUwOCAyLjcyYy0uNzY0LjQ2MS0xLjcxMS0uMjE5LTEuNTAzLTEuMDc5bDEuMjI1LTUuMDc3YS45ODcuOTg3IDAgMCAwLS4zMjQtLjk4NUwuMzUzIDguMjAzYy0uNjgtLjU3NS0uMzE4LTEuNjc1LjU3NC0xLjc0Nmw1LjI2Ni0uNDE3Yy4zNzctLjAzLjcwNC0uMjY1Ljg1LS42MDlMOS4wNy42MTJabTI0IDBjLjM0NS0uODE2IDEuNTE1LS44MTYgMS44NiAwbDIuMDI4IDQuODJjLjE0NS4zNDMuNDczLjU3OS44NDkuNjA4bDUuMjY2LjQxN2MuODkyLjA3MSAxLjI1NCAxLjE3MS41NzQgMS43NDZMMzkuNjM1IDExLjZhLjk4Ny45ODcgMCAwIDAtLjMyNS45ODVsMS4yMjYgNS4wNzdjLjIwOC44Ni0uNzQgMS41NC0xLjUwMyAxLjA4bC00LjUwOC0yLjcyMWExLjAxNiAxLjAxNiAwIDAgMC0xLjA1IDBsLTQuNTA4IDIuNzJjLS43NjQuNDYxLTEuNzExLS4yMTktMS41MDMtMS4wNzlsMS4yMjUtNS4wNzdhLjk4Ny45ODcgMCAwIDAtLjMyNC0uOTg1bC00LjAxMi0zLjM5NmMtLjY4LS41NzUtLjMxOC0xLjY3NS41NzQtMS43NDZsNS4yNjYtLjQxN2MuMzc2LS4wMy43MDQtLjI2NS44NDktLjYwOWwyLjAyOS00LjgyWm0yNCAwYy4zNDQtLjgxNiAxLjUxNS0uODE2IDEuODU5IDBsMi4wMjkgNC44MmMuMTQ1LjM0My40NzMuNTc5Ljg0OS42MDhsNS4yNjYuNDE3Yy44OTIuMDcxIDEuMjU0IDEuMTcxLjU3NCAxLjc0Nkw2My42MzUgMTEuNmEuOTg3Ljk4NyAwIDAgMC0uMzI1Ljk4NWwxLjIyNiA1LjA3N2MuMjA4Ljg2LS43NCAxLjU0LTEuNTAzIDEuMDhsLTQuNTA5LTIuNzIxYTEuMDE2IDEuMDE2IDAgMCAwLTEuMDQ5IDBsLTQuNTA4IDIuNzJjLS43NjQuNDYxLTEuNzExLS4yMTktMS41MDMtMS4wNzlsMS4yMjUtNS4wNzdhLjk4Ny45ODcgMCAwIDAtLjMyNC0uOTg1bC00LjAxMi0zLjM5NmMtLjY4LS41NzUtLjMxOC0xLjY3NS41NzQtMS43NDZsNS4yNjYtLjQxN2MuMzc2LS4wMy43MDQtLjI2NS44NDktLjYwOWwyLjAyOS00LjgyWm0yNCAwYy4zNDUtLjgxNiAxLjUxNS0uODE2IDEuODU5IDBsMi4wMjkgNC44MmMuMTQ1LjM0My40NzIuNTc5Ljg0OS42MDhsNS4yNjYuNDE3Yy44OTIuMDcxIDEuMjU0IDEuMTcxLjU3NCAxLjc0Nkw4Ny42MzUgMTEuNmEuOTg3Ljk4NyAwIDAgMC0uMzI1Ljk4NWwxLjIyNiA1LjA3N2MuMjA4Ljg2LS43NCAxLjU0LTEuNTAzIDEuMDhsLTQuNTA5LTIuNzIxYTEuMDE2IDEuMDE2IDAgMCAwLTEuMDQ5IDBsLTQuNTA4IDIuNzJjLS43NjQuNDYxLTEuNzExLS4yMTktMS41MDQtMS4wNzlsMS4yMjYtNS4wNzdhLjk4Ny45ODcgMCAwIDAtLjMyNC0uOTg1bC00LjAxMi0zLjM5NmMtLjY4LS41NzUtLjMxOC0xLjY3NS41NzQtMS43NDZsNS4yNjYtLjQxN2MuMzc2LS4wMy43MDQtLjI2NS44NDktLjYwOUw4MS4wNy42MTJabTI0LjAwMSAwYy4zNDMtLjgxNiAxLjUxNC0uODE2IDEuODU4IDBsMi4wMjkgNC44MmMuMTQ1LjM0My40NzIuNTc5Ljg0OC42MDhsNS4yNjYuNDE3Yy44OTMuMDcxIDEuMjU0IDEuMTcxLjU3NSAxLjc0NmwtNC4wMTIgMy4zOTZhLjk4OC45ODggMCAwIDAtLjMyNS45ODVsMS4yMjYgNS4wNzdjLjIwOC44Ni0uNzM5IDEuNTQtMS41MDMgMS4wOGwtNC41MDktMi43MjFhMS4wMTYgMS4wMTYgMCAwIDAtMS4wNDkgMGwtNC41MDggMi43MmMtLjc2NC40NjEtMS43MTEtLjIxOS0xLjUwNC0xLjA3OWwxLjIyNi01LjA3N2EuOTg1Ljk4NSAwIDAgMC0uMzI0LS45ODVsLTQuMDEyLTMuMzk2Yy0uNjgtLjU3NS0uMzE4LTEuNjc1LjU3NC0xLjc0Nmw1LjI2Ni0uNDE3Yy4zNzYtLjAzLjcwNC0uMjY1Ljg0OS0uNjA5bDIuMDI5LTQuODE5WiIvPjwvZz48ZGVmcz48Y2xpcFBhdGggaWQ9ImEiPjxwYXRoIGZpbGw9IiNmZmYiIGQ9Ik0wIDBoMTE2djE4Ljg4OUgweiIvPjwvY2xpcFBhdGg+PC9kZWZzPjwvc3ZnPg==\" alt=\"\"\/><\/figure>\n\n\n\n<p style=\"margin-top:var(--wp--preset--spacing--20);font-style:normal;font-weight:500\">T\u00e4ielik rahulolu meie metsat\u00f6\u00f6de t\u00e4psuse ja klienditeenindusega.<\/p>\n<\/div>\n<\/div>\n<\/div>\n<\/div>\n","protected":false},"excerpt":{"rendered":"<p>Usaldusv\u00e4\u00e4rne metsat\u00f6\u00f6de spetsialist Eestis ja L\u00e4tis BMMajand O\u00dc eesm\u00e4rk on pakkuda kvaliteetseid ja professionaalseid metsateenuseid, toetades j\u00e4tkusuutlikku metsamajandust ning kliendi rahulolu igas projektis. Lisainfo metsat\u00f6\u00f6de lubade ja reeglite kohta:\u00a0Keskkonnaamet Metsat\u00f6\u00f6d ja lahendused, mis vastavad Sinu ootustele Tutvustame l\u00fchidalt meie p\u00fchendunud ja kogenud metsaspetsialiste. BMMajand O\u00dc l\u00fchitutvustus \u201cBMMajand O\u00dc on kogemustega metsandusteenuste ettev\u00f5te, kes pakub harvesteri- [&hellip;]<\/p>\n","protected":false},"author":1,"featured_media":0,"parent":0,"menu_order":0,"comment_status":"closed","ping_status":"closed","template":"page-with-title","meta":{"_monsterinsights_skip_tracking":false,"_monsterinsights_sitenote_active":false,"_monsterinsights_sitenote_note":"","_monsterinsights_sitenote_category":0,"footnotes":""},"class_list":["post-28","page","type-page","status-publish","hentry"],"aioseo_notices":[],"_links":{"self":[{"href":"https:\/\/bmm.ee\/et\/wp-json\/wp\/v2\/pages\/28","targetHints":{"allow":["GET"]}}],"collection":[{"href":"https:\/\/bmm.ee\/et\/wp-json\/wp\/v2\/pages"}],"about":[{"href":"https:\/\/bmm.ee\/et\/wp-json\/wp\/v2\/types\/page"}],"author":[{"embeddable":true,"href":"https:\/\/bmm.ee\/et\/wp-json\/wp\/v2\/users\/1"}],"replies":[{"embeddable":true,"href":"https:\/\/bmm.ee\/et\/wp-json\/wp\/v2\/comments?post=28"}],"version-history":[{"count":5,"href":"https:\/\/bmm.ee\/et\/wp-json\/wp\/v2\/pages\/28\/revisions"}],"predecessor-version":[{"id":211,"href":"https:\/\/bmm.ee\/et\/wp-json\/wp\/v2\/pages\/28\/revisions\/211"}],"wp:attachment":[{"href":"https:\/\/bmm.ee\/et\/wp-json\/wp\/v2\/media?parent=28"}],"curies":[{"name":"wp","href":"https:\/\/api.w.org\/{rel}","templated":true}]}}